{"id":555,"date":"2022-07-13T17:18:05","date_gmt":"2022-07-13T15:18:05","guid":{"rendered":"https:\/\/tatankadesign.com\/?page_id=555"},"modified":"2022-08-05T21:47:13","modified_gmt":"2022-08-05T19:47:13","slug":"mjc","status":"publish","type":"page","link":"https:\/\/tatankadesign.com\/index.php\/mjc\/","title":{"rendered":"Mjc"},"content":{"rendered":"<p>[et_pb_section fb_built=\u00a0\u00bb1&Prime; _builder_version=\u00a0\u00bb4.17.6&Prime; _module_preset=\u00a0\u00bbdefault\u00a0\u00bb custom_padding=\u00a0\u00bb||4px|||\u00a0\u00bb locked=\u00a0\u00bboff\u00a0\u00bb global_colors_info=\u00a0\u00bb{}\u00a0\u00bb][et_pb_row _builder_version=\u00a0\u00bb4.17.6&Prime; _module_preset=\u00a0\u00bbdefault\u00a0\u00bb global_colors_info=\u00a0\u00bb{}\u00a0\u00bb][et_pb_column type=\u00a0\u00bb4_4&Prime; _builder_version=\u00a0\u00bb4.17.6&Prime; _module_preset=\u00a0\u00bbdefault\u00a0\u00bb global_colors_info=\u00a0\u00bb{}\u00a0\u00bb][et_pb_text _builder_version=\u00a0\u00bb4.17.6&Prime; _module_preset=\u00a0\u00bbdefault\u00a0\u00bb text_font_size=\u00a0\u00bb15px\u00a0\u00bb text_line_height=\u00a0\u00bb1.3em\u00a0\u00bb header_text_align=\u00a0\u00bbcenter\u00a0\u00bb header_font_size=\u00a0\u00bb32px\u00a0\u00bb header_3_line_height=\u00a0\u00bb1.5em\u00a0\u00bb text_orientation=\u00a0\u00bbcenter\u00a0\u00bb hover_enabled=\u00a0\u00bb0&Prime; global_colors_info=\u00a0\u00bb{}\u00a0\u00bb header_3_font_size_last_edited=\u00a0\u00bbon|phone\u00a0\u00bb sticky_enabled=\u00a0\u00bb0&Prime; header_3_font_size_phone=\u00a0\u00bb18px\u00a0\u00bb header_3_line_height_last_edited=\u00a0\u00bbon|phone\u00a0\u00bb header_3_line_height_phone=\u00a0\u00bb1.3em\u00a0\u00bb content_last_edited=\u00a0\u00bbon|phone\u00a0\u00bb text_font_size_last_edited=\u00a0\u00bbon|phone\u00a0\u00bb text_font_size_phone=\u00a0\u00bb14px\u00a0\u00bb content_phone=\u00a0\u00bb<\/p>\n<h1 style=%22text-align: center;%22><strong>MJCI Les Clarines <\/strong><\/h1>\n<h3 style=%22text-align: center;%22>La MJCI Les Clarines <br \/>(Maison des jeunes et de la Culture Intercommunale) de Viuz-en Sallaz propose un large choix d\u2019activit\u00e9s de sports et de loisirs <br \/>pour tous les \u00e2ges.<\/h3>\n<p><strong>Conception graphique et suivit d&rsquo;impression durant 2 ann\u00e9es cons\u00e9cutives<br \/>de la brochure des activit\u00e9s et des supports de communication.<\/strong><\/p>\n<p>\u00a0\u00bb header_3_line_height_tablet=\u00a0\u00bb1.5em\u00a0\u00bb content_tablet=\u00a0\u00bb<\/p>\n<h1 style=%22text-align: center;%22><strong>MJCI Les Clarines <\/strong><\/h1>\n<h3 style=%22text-align: center;%22>La MJCI Les Clarines (Maison des jeunes et de la Culture Intercommunale) de Viuz-en Sallaz propose un large choix d\u2019activit\u00e9s de sports et de loisirs pour tous les \u00e2ges.<\/h3>\n<p><strong>Conception graphique et suivit d&rsquo;impression durant 2 ann\u00e9es cons\u00e9cutives<br \/>de la brochure des activit\u00e9s et des supports de communication.<\/strong><\/p>\n<p>\u00a0\u00bb text_font_size_tablet=\u00a0\u00bb15px\u00a0\u00bb]<\/p>\n<h1 style=\"text-align: center;\"><strong>MJCI Les Clarines <\/strong><\/h1>\n<h3 style=\"text-align: center;\">La MJCI Les Clarines (Maison des jeunes et de la Culture Intercommunale) de Viuz-en Sallaz propose un large choix d\u2019activit\u00e9s de sports et de loisirs pour tous les \u00e2ges.<\/h3>\n<p><strong>Conception graphique et suivit d&rsquo;impression durant 2 ann\u00e9es cons\u00e9cutives<br \/>de la brochure des activit\u00e9s et des supports de communication.<\/strong><\/p>\n<p>[\/et_pb_text][\/et_pb_column][\/et_pb_row][\/et_pb_section][et_pb_section fb_built=\u00a0\u00bb1&Prime; specialty=\u00a0\u00bbon\u00a0\u00bb _builder_version=\u00a0\u00bb4.17.5&Prime; _module_preset=\u00a0\u00bbdefault\u00a0\u00bb custom_padding=\u00a0\u00bb6px|||||\u00a0\u00bb global_colors_info=\u00a0\u00bb{}\u00a0\u00bb][et_pb_column type=\u00a0\u00bb1_3&Prime; _builder_version=\u00a0\u00bb4.16&Prime; custom_padding=\u00a0\u00bb|||\u00a0\u00bb global_colors_info=\u00a0\u00bb{}\u00a0\u00bb custom_padding__hover=\u00a0\u00bb|||\u00a0\u00bb][et_pb_image src=\u00a0\u00bbhttps:\/\/tatankadesign.com\/wp-content\/uploads\/2022\/07\/TTD_1959-1.jpg\u00a0\u00bb title_text=\u00a0\u00bbTTD_1959&Prime; show_in_lightbox=\u00a0\u00bbon\u00a0\u00bb _builder_version=\u00a0\u00bb4.17.6&Prime; _module_preset=\u00a0\u00bbdefault\u00a0\u00bb global_colors_info=\u00a0\u00bb{}\u00a0\u00bb][\/et_pb_image][et_pb_image src=\u00a0\u00bbhttps:\/\/tatankadesign.com\/wp-content\/uploads\/2022\/07\/TTD_1961.jpg\u00a0\u00bb title_text=\u00a0\u00bbTTD_1961&Prime; show_in_lightbox=\u00a0\u00bbon\u00a0\u00bb _builder_version=\u00a0\u00bb4.17.6&Prime; _module_preset=\u00a0\u00bbdefault\u00a0\u00bb global_colors_info=\u00a0\u00bb{}\u00a0\u00bb][\/et_pb_image][et_pb_image src=\u00a0\u00bbhttps:\/\/tatankadesign.com\/wp-content\/uploads\/2022\/07\/TTD_1958.jpg\u00a0\u00bb title_text=\u00a0\u00bbTTD_1958&Prime; show_in_lightbox=\u00a0\u00bbon\u00a0\u00bb _builder_version=\u00a0\u00bb4.17.6&Prime; _module_preset=\u00a0\u00bbdefault\u00a0\u00bb global_colors_info=\u00a0\u00bb{}\u00a0\u00bb][\/et_pb_image][\/et_pb_column][et_pb_column type=\u00a0\u00bb2_3&Prime; specialty_columns=\u00a0\u00bb2&Prime; _builder_version=\u00a0\u00bb4.16&Prime; custom_padding=\u00a0\u00bb|||\u00a0\u00bb global_colors_info=\u00a0\u00bb{}\u00a0\u00bb custom_padding__hover=\u00a0\u00bb|||\u00a0\u00bb][et_pb_row_inner _builder_version=\u00a0\u00bb4.17.5&Prime; _module_preset=\u00a0\u00bbdefault\u00a0\u00bb global_colors_info=\u00a0\u00bb{}\u00a0\u00bb][et_pb_column_inner saved_specialty_column_type=\u00a0\u00bb2_3&Prime; _builder_version=\u00a0\u00bb4.17.5&Prime; _module_preset=\u00a0\u00bbdefault\u00a0\u00bb global_colors_info=\u00a0\u00bb{}\u00a0\u00bb][et_pb_image src=\u00a0\u00bbhttps:\/\/tatankadesign.com\/wp-content\/uploads\/2022\/07\/Cadre-Couverture-2014-2015.jpg\u00a0\u00bb title_text=\u00a0\u00bbPhoto  frames mockup\u00a0\u00bb show_in_lightbox=\u00a0\u00bbon\u00a0\u00bb _builder_version=\u00a0\u00bb4.17.6&Prime; _module_preset=\u00a0\u00bbdefault\u00a0\u00bb global_colors_info=\u00a0\u00bb{}\u00a0\u00bb][\/et_pb_image][\/et_pb_column_inner][\/et_pb_row_inner][et_pb_row_inner _builder_version=\u00a0\u00bb4.17.6&Prime; _module_preset=\u00a0\u00bbdefault\u00a0\u00bb global_colors_info=\u00a0\u00bb{}\u00a0\u00bb][et_pb_column_inner saved_specialty_column_type=\u00a0\u00bb2_3&Prime; _builder_version=\u00a0\u00bb4.17.5&Prime; _module_preset=\u00a0\u00bbdefault\u00a0\u00bb global_colors_info=\u00a0\u00bb{}\u00a0\u00bb][et_pb_image src=\u00a0\u00bbhttps:\/\/tatankadesign.com\/wp-content\/uploads\/2022\/07\/Cadre-Couverture-2016-2017.jpg\u00a0\u00bb title_text=\u00a0\u00bbPhoto  frames mockup\u00a0\u00bb show_in_lightbox=\u00a0\u00bbon\u00a0\u00bb _builder_version=\u00a0\u00bb4.17.6&Prime; _module_preset=\u00a0\u00bbdefault\u00a0\u00bb custom_padding=\u00a0\u00bb|||0px||\u00a0\u00bb global_colors_info=\u00a0\u00bb{}\u00a0\u00bb][\/et_pb_image][\/et_pb_column_inner][\/et_pb_row_inner][\/et_pb_column][\/et_pb_section]<\/p>\n","protected":false},"excerpt":{"rendered":"<p>MJCI Les Clarines La MJCI Les Clarines (Maison des jeunes et de la Culture Intercommunale) de Viuz-en Sallaz propose un large choix d\u2019activit\u00e9s de sports et de loisirs pour tous les \u00e2ges. Conception graphique et suivit d&rsquo;impression durant 2 ann\u00e9es cons\u00e9cutivesde la brochure des activit\u00e9s et des supports de communication.<\/p>\n","protected":false},"author":1,"featured_media":0,"parent":0,"menu_order":0,"comment_status":"closed","ping_status":"closed","template":"","meta":{"_et_pb_use_builder":"on","_et_pb_old_content":"","_et_gb_content_width":""},"_links":{"self":[{"href":"https:\/\/tatankadesign.com\/index.php\/wp-json\/wp\/v2\/pages\/555"}],"collection":[{"href":"https:\/\/tatankadesign.com\/index.php\/wp-json\/wp\/v2\/pages"}],"about":[{"href":"https:\/\/tatankadesign.com\/index.php\/wp-json\/wp\/v2\/types\/page"}],"author":[{"embeddable":true,"href":"https:\/\/tatankadesign.com\/index.php\/wp-json\/wp\/v2\/users\/1"}],"replies":[{"embeddable":true,"href":"https:\/\/tatankadesign.com\/index.php\/wp-json\/wp\/v2\/comments?post=555"}],"version-history":[{"count":8,"href":"https:\/\/tatankadesign.com\/index.php\/wp-json\/wp\/v2\/pages\/555\/revisions"}],"predecessor-version":[{"id":1209,"href":"https:\/\/tatankadesign.com\/index.php\/wp-json\/wp\/v2\/pages\/555\/revisions\/1209"}],"wp:attachment":[{"href":"https:\/\/tatankadesign.com\/index.php\/wp-json\/wp\/v2\/media?parent=555"}],"curies":[{"name":"wp","href":"https:\/\/api.w.org\/{rel}","templated":true}]}}