{"id":564,"date":"2022-07-13T17:21:55","date_gmt":"2022-07-13T15:21:55","guid":{"rendered":"https:\/\/tatankadesign.com\/?page_id=564"},"modified":"2022-08-10T11:25:44","modified_gmt":"2022-08-10T09:25:44","slug":"chateau-de-servolex","status":"publish","type":"page","link":"https:\/\/tatankadesign.com\/index.php\/chateau-de-servolex\/","title":{"rendered":"Chateau de Servolex"},"content":{"rendered":"<p>[et_pb_section fb_built=\u00a0\u00bb1&Prime; _builder_version=\u00a0\u00bb4.17.6&Prime; _module_preset=\u00a0\u00bbdefault\u00a0\u00bb custom_padding=\u00a0\u00bb||5px|||\u00a0\u00bb locked=\u00a0\u00bboff\u00a0\u00bb global_colors_info=\u00a0\u00bb{}\u00a0\u00bb][et_pb_row _builder_version=\u00a0\u00bb4.17.6&Prime; _module_preset=\u00a0\u00bbdefault\u00a0\u00bb global_colors_info=\u00a0\u00bb{}\u00a0\u00bb][et_pb_column type=\u00a0\u00bb4_4&Prime; _builder_version=\u00a0\u00bb4.17.6&Prime; _module_preset=\u00a0\u00bbdefault\u00a0\u00bb global_colors_info=\u00a0\u00bb{}\u00a0\u00bb][et_pb_text _builder_version=\u00a0\u00bb4.17.6&Prime; _module_preset=\u00a0\u00bbdefault\u00a0\u00bb text_font_size=\u00a0\u00bb15px\u00a0\u00bb text_line_height=\u00a0\u00bb1.3em\u00a0\u00bb header_text_align=\u00a0\u00bbcenter\u00a0\u00bb header_font_size=\u00a0\u00bb32px\u00a0\u00bb header_3_line_height=\u00a0\u00bb1.5em\u00a0\u00bb text_orientation=\u00a0\u00bbcenter\u00a0\u00bb header_3_font_size_tablet=\u00a0\u00bb\u00a0\u00bb header_3_font_size_phone=\u00a0\u00bb20px\u00a0\u00bb header_3_font_size_last_edited=\u00a0\u00bbon|phone\u00a0\u00bb header_3_line_height_tablet=\u00a0\u00bb1.5em\u00a0\u00bb header_3_line_height_phone=\u00a0\u00bb1.3em\u00a0\u00bb header_3_line_height_last_edited=\u00a0\u00bbon|phone\u00a0\u00bb global_colors_info=\u00a0\u00bb{}\u00a0\u00bb]<\/p>\n<h1 style=\"text-align: center;\"><strong>Ch\u00e2teau de Servolex <\/strong><\/h1>\n<h3 style=\"text-align: center;\">Site d&rsquo;exception situ\u00e9 sur les hauteurs de la Motte-Servolex. Lieu de charme empreint d&rsquo;histoire pour le succ\u00e8s de vos mariages et l&rsquo;organisation d&rsquo;\u00e9v\u00e9nements d&rsquo;entreprises.<\/h3>\n<p><strong>Conception de l&rsquo;identit\u00e9 visuelle, r\u00e9alisation des photos de l&rsquo;\u00e9tablissement pour la r\u00e9alisation des outils<br \/>\nde communication et la promotion du site sur les r\u00e9seaux.<br \/>\n<\/strong>[\/et_pb_text][\/et_pb_column][\/et_pb_row][\/et_pb_section][et_pb_section fb_built=\u00a0\u00bb1&Prime; specialty=\u00a0\u00bbon\u00a0\u00bb _builder_version=\u00a0\u00bb4.17.5&Prime; _module_preset=\u00a0\u00bbdefault\u00a0\u00bb custom_padding=\u00a0\u00bb13px|||||\u00a0\u00bb global_colors_info=\u00a0\u00bb{}\u00a0\u00bb][et_pb_column type=\u00a0\u00bb1_3&Prime; _builder_version=\u00a0\u00bb4.16&Prime; custom_padding=\u00a0\u00bb|||\u00a0\u00bb global_colors_info=\u00a0\u00bb{}\u00a0\u00bb custom_padding__hover=\u00a0\u00bb|||\u00a0\u00bb][et_pb_image src=\u00a0\u00bbhttps:\/\/tatankadesign.com\/wp-content\/uploads\/2022\/07\/TTD_1929.jpg\u00a0\u00bb title_text=\u00a0\u00bbTTD_1929&Prime; show_in_lightbox=\u00a0\u00bbon\u00a0\u00bb _builder_version=\u00a0\u00bb4.17.6&Prime; _module_preset=\u00a0\u00bbdefault\u00a0\u00bb global_colors_info=\u00a0\u00bb{}\u00a0\u00bb][\/et_pb_image][et_pb_image src=\u00a0\u00bbhttps:\/\/tatankadesign.com\/wp-content\/uploads\/2022\/07\/TTD_1931.jpg\u00a0\u00bb title_text=\u00a0\u00bbTTD_1931&Prime; show_in_lightbox=\u00a0\u00bbon\u00a0\u00bb _builder_version=\u00a0\u00bb4.17.6&Prime; _module_preset=\u00a0\u00bbdefault\u00a0\u00bb global_colors_info=\u00a0\u00bb{}\u00a0\u00bb][\/et_pb_image][et_pb_image src=\u00a0\u00bbhttps:\/\/tatankadesign.com\/wp-content\/uploads\/2022\/07\/TTK_2282-scaled.jpg\u00a0\u00bb title_text=\u00a0\u00bbTTK_2282&Prime; _builder_version=\u00a0\u00bb4.17.6&Prime; _module_preset=\u00a0\u00bbdefault\u00a0\u00bb hover_enabled=\u00a0\u00bb0&Prime; global_colors_info=\u00a0\u00bb{}\u00a0\u00bb show_in_lightbox=\u00a0\u00bbon\u00a0\u00bb sticky_enabled=\u00a0\u00bb0&Prime;][\/et_pb_image][et_pb_image src=\u00a0\u00bbhttps:\/\/tatankadesign.com\/wp-content\/uploads\/2022\/07\/TTD_1940.jpg\u00a0\u00bb title_text=\u00a0\u00bbTTD_1940&Prime; show_in_lightbox=\u00a0\u00bbon\u00a0\u00bb _builder_version=\u00a0\u00bb4.17.6&Prime; _module_preset=\u00a0\u00bbdefault\u00a0\u00bb global_colors_info=\u00a0\u00bb{}\u00a0\u00bb][\/et_pb_image][et_pb_image src=\u00a0\u00bbhttps:\/\/tatankadesign.com\/wp-content\/uploads\/2022\/07\/TTD_1941.jpg\u00a0\u00bb title_text=\u00a0\u00bbTTD_1941&Prime; show_in_lightbox=\u00a0\u00bbon\u00a0\u00bb _builder_version=\u00a0\u00bb4.17.6&Prime; _module_preset=\u00a0\u00bbdefault\u00a0\u00bb global_colors_info=\u00a0\u00bb{}\u00a0\u00bb][\/et_pb_image][et_pb_image src=\u00a0\u00bbhttps:\/\/tatankadesign.com\/wp-content\/uploads\/2022\/07\/TTD_1942.jpg\u00a0\u00bb title_text=\u00a0\u00bbTTD_1942&Prime; show_in_lightbox=\u00a0\u00bbon\u00a0\u00bb _builder_version=\u00a0\u00bb4.17.6&Prime; _module_preset=\u00a0\u00bbdefault\u00a0\u00bb global_colors_info=\u00a0\u00bb{}\u00a0\u00bb][\/et_pb_image][\/et_pb_column][et_pb_column type=\u00a0\u00bb2_3&Prime; specialty_columns=\u00a0\u00bb2&Prime; _builder_version=\u00a0\u00bb4.16&Prime; custom_padding=\u00a0\u00bb|||\u00a0\u00bb global_colors_info=\u00a0\u00bb{}\u00a0\u00bb custom_padding__hover=\u00a0\u00bb|||\u00a0\u00bb][et_pb_row_inner _builder_version=\u00a0\u00bb4.17.5&Prime; _module_preset=\u00a0\u00bbdefault\u00a0\u00bb global_colors_info=\u00a0\u00bb{}\u00a0\u00bb][et_pb_column_inner saved_specialty_column_type=\u00a0\u00bb2_3&Prime; _builder_version=\u00a0\u00bb4.17.5&Prime; _module_preset=\u00a0\u00bbdefault\u00a0\u00bb global_colors_info=\u00a0\u00bb{}\u00a0\u00bb][et_pb_image src=\u00a0\u00bbhttps:\/\/tatankadesign.com\/wp-content\/uploads\/2022\/07\/TTD_1930.jpg\u00a0\u00bb title_text=\u00a0\u00bbTTD_1930&Prime; show_in_lightbox=\u00a0\u00bbon\u00a0\u00bb _builder_version=\u00a0\u00bb4.17.6&Prime; _module_preset=\u00a0\u00bbdefault\u00a0\u00bb global_colors_info=\u00a0\u00bb{}\u00a0\u00bb][\/et_pb_image][et_pb_image src=\u00a0\u00bbhttps:\/\/tatankadesign.com\/wp-content\/uploads\/2022\/07\/TTD_3320.jpg\u00a0\u00bb title_text=\u00a0\u00bbTTD_3320&Prime; _builder_version=\u00a0\u00bb4.17.6&Prime; _module_preset=\u00a0\u00bbdefault\u00a0\u00bb hover_enabled=\u00a0\u00bb0&Prime; global_colors_info=\u00a0\u00bb{}\u00a0\u00bb show_in_lightbox=\u00a0\u00bbon\u00a0\u00bb sticky_enabled=\u00a0\u00bb0&Prime;][\/et_pb_image][et_pb_image src=\u00a0\u00bbhttps:\/\/tatankadesign.com\/wp-content\/uploads\/2022\/07\/6_chateau-servolex-summer-2-scaled.jpg\u00a0\u00bb title_text=\u00a0\u00bb6_chateau servolex summer\u00a0\u00bb show_in_lightbox=\u00a0\u00bbon\u00a0\u00bb _builder_version=\u00a0\u00bb4.17.6&Prime; _module_preset=\u00a0\u00bbdefault\u00a0\u00bb global_colors_info=\u00a0\u00bb{}\u00a0\u00bb][\/et_pb_image][et_pb_image src=\u00a0\u00bbhttps:\/\/tatankadesign.com\/wp-content\/uploads\/2022\/07\/TTD_1912.jpg\u00a0\u00bb title_text=\u00a0\u00bbTTD_1912&Prime; show_in_lightbox=\u00a0\u00bbon\u00a0\u00bb _builder_version=\u00a0\u00bb4.17.6&Prime; _module_preset=\u00a0\u00bbdefault\u00a0\u00bb global_colors_info=\u00a0\u00bb{}\u00a0\u00bb][\/et_pb_image][\/et_pb_column_inner][\/et_pb_row_inner][\/et_pb_column][\/et_pb_section]<\/p>\n","protected":false},"excerpt":{"rendered":"<p>Ch\u00e2teau de Servolex Site d&rsquo;exception situ\u00e9 sur les hauteurs de la Motte-Servolex. Lieu de charme empreint d&rsquo;histoire pour le succ\u00e8s de vos mariages et l&rsquo;organisation d&rsquo;\u00e9v\u00e9nements d&rsquo;entreprises. Conception de l&rsquo;identit\u00e9 visuelle, r\u00e9alisation des photos de l&rsquo;\u00e9tablissement pour la r\u00e9alisation des outils de communication et la promotion du site sur les r\u00e9seaux.<\/p>\n","protected":false},"author":1,"featured_media":0,"parent":0,"menu_order":0,"comment_status":"closed","ping_status":"closed","template":"","meta":{"_et_pb_use_builder":"on","_et_pb_old_content":"","_et_gb_content_width":""},"_links":{"self":[{"href":"https:\/\/tatankadesign.com\/index.php\/wp-json\/wp\/v2\/pages\/564"}],"collection":[{"href":"https:\/\/tatankadesign.com\/index.php\/wp-json\/wp\/v2\/pages"}],"about":[{"href":"https:\/\/tatankadesign.com\/index.php\/wp-json\/wp\/v2\/types\/page"}],"author":[{"embeddable":true,"href":"https:\/\/tatankadesign.com\/index.php\/wp-json\/wp\/v2\/users\/1"}],"replies":[{"embeddable":true,"href":"https:\/\/tatankadesign.com\/index.php\/wp-json\/wp\/v2\/comments?post=564"}],"version-history":[{"count":12,"href":"https:\/\/tatankadesign.com\/index.php\/wp-json\/wp\/v2\/pages\/564\/revisions"}],"predecessor-version":[{"id":1360,"href":"https:\/\/tatankadesign.com\/index.php\/wp-json\/wp\/v2\/pages\/564\/revisions\/1360"}],"wp:attachment":[{"href":"https:\/\/tatankadesign.com\/index.php\/wp-json\/wp\/v2\/media?parent=564"}],"curies":[{"name":"wp","href":"https:\/\/api.w.org\/{rel}","templated":true}]}}